{"id":2790,"date":"2018-07-06T13:45:54","date_gmt":"2018-07-06T11:45:54","guid":{"rendered":"https:\/\/www.rollconcept.com\/?page_id=2790"},"modified":"2024-07-22T09:43:13","modified_gmt":"2024-07-22T07:43:13","slug":"finitions","status":"publish","type":"page","link":"https:\/\/www.rollconcept.com\/fr\/finitions\/","title":{"rendered":"Finitions"},"content":{"rendered":"<p>Finitions Large gamme de finitions d&#8217;embouts et de finitions de surface Finitions Que vous ayez besoin d&#8217;un rouleau fonctionnel ou transitique, nous proposons diff\u00e9rentes finitions afin r\u00e9pondre au mieux \u00e0 vos besoins : Redressage : M\u00eame si la rectitude brut <a href=\"https:\/\/www.rollconcept.com\/fr\/finitions\/\" title=\"Read more on Finitions\" class=\"more-link\">read more<\/a><\/p>\n","protected":false},"excerpt":{"rendered":"<p>Finitions Large gamme de finitions d&#8217;embouts et de finitions de &hellip;<\/p>\n","protected":false},"author":1,"featured_media":0,"parent":0,"menu_order":0,"comment_status":"closed","ping_status":"closed","template":"","meta":{"_acf_changed":false,"footnotes":""},"class_list":["post-2790","page","type-page","status-publish","hentry","no-thumb"],"acf":[],"_links":{"self":[{"href":"https:\/\/www.rollconcept.com\/fr\/wp-json\/wp\/v2\/pages\/2790","targetHints":{"allow":["GET"]}}],"collection":[{"href":"https:\/\/www.rollconcept.com\/fr\/wp-json\/wp\/v2\/pages"}],"about":[{"href":"https:\/\/www.rollconcept.com\/fr\/wp-json\/wp\/v2\/types\/page"}],"author":[{"embeddable":true,"href":"https:\/\/www.rollconcept.com\/fr\/wp-json\/wp\/v2\/users\/1"}],"replies":[{"embeddable":true,"href":"https:\/\/www.rollconcept.com\/fr\/wp-json\/wp\/v2\/comments?post=2790"}],"version-history":[{"count":19,"href":"https:\/\/www.rollconcept.com\/fr\/wp-json\/wp\/v2\/pages\/2790\/revisions"}],"predecessor-version":[{"id":3903,"href":"https:\/\/www.rollconcept.com\/fr\/wp-json\/wp\/v2\/pages\/2790\/revisions\/3903"}],"wp:attachment":[{"href":"https:\/\/www.rollconcept.com\/fr\/wp-json\/wp\/v2\/media?parent=2790"}],"curies":[{"name":"wp","href":"https:\/\/api.w.org\/{rel}","templated":true}]}}