{"id":3854,"date":"2023-09-01T10:39:04","date_gmt":"2023-09-01T08:39:04","guid":{"rendered":"https:\/\/www.rollconcept.com\/distribution\/"},"modified":"2023-09-04T11:41:10","modified_gmt":"2023-09-04T09:41:10","slug":"distribution","status":"publish","type":"page","link":"https:\/\/www.rollconcept.com\/fr\/distribution\/","title":{"rendered":"Autres services"},"content":{"rendered":"<p>Repr\u00e9sentation Roll Concept est \u00e9galement distributeur d&#8217;outils et syst\u00e8mes de contr\u00f4le de tension&#8230; Distributeur exclusif pour l&#8217;Europe des produits Dover Flexo Electronics Cette soci\u00e9t\u00e9 am\u00e9ricaine con\u00e7oit et fabrique des syst\u00e8mes automatiques de contr <a href=\"https:\/\/www.rollconcept.com\/fr\/distribution\/\" title=\"Read more on Autres services\" class=\"more-link\">read more<\/a><\/p>\n","protected":false},"excerpt":{"rendered":"<p>Repr\u00e9sentation Roll Concept est \u00e9galement distributeur d&#8217;outils et syst\u00e8mes de &hellip;<\/p>\n","protected":false},"author":2,"featured_media":0,"parent":0,"menu_order":0,"comment_status":"closed","ping_status":"closed","template":"","meta":{"_acf_changed":false,"footnotes":""},"class_list":["post-3854","page","type-page","status-publish","hentry","no-thumb"],"acf":[],"_links":{"self":[{"href":"https:\/\/www.rollconcept.com\/fr\/wp-json\/wp\/v2\/pages\/3854","targetHints":{"allow":["GET"]}}],"collection":[{"href":"https:\/\/www.rollconcept.com\/fr\/wp-json\/wp\/v2\/pages"}],"about":[{"href":"https:\/\/www.rollconcept.com\/fr\/wp-json\/wp\/v2\/types\/page"}],"author":[{"embeddable":true,"href":"https:\/\/www.rollconcept.com\/fr\/wp-json\/wp\/v2\/users\/2"}],"replies":[{"embeddable":true,"href":"https:\/\/www.rollconcept.com\/fr\/wp-json\/wp\/v2\/comments?post=3854"}],"version-history":[{"count":6,"href":"https:\/\/www.rollconcept.com\/fr\/wp-json\/wp\/v2\/pages\/3854\/revisions"}],"predecessor-version":[{"id":3871,"href":"https:\/\/www.rollconcept.com\/fr\/wp-json\/wp\/v2\/pages\/3854\/revisions\/3871"}],"wp:attachment":[{"href":"https:\/\/www.rollconcept.com\/fr\/wp-json\/wp\/v2\/media?parent=3854"}],"curies":[{"name":"wp","href":"https:\/\/api.w.org\/{rel}","templated":true}]}}